{"id":1986,"date":"2024-12-18T11:28:10","date_gmt":"2024-12-18T11:28:10","guid":{"rendered":"https:\/\/prevysalud.es\/?page_id=1986"},"modified":"2024-12-18T11:45:21","modified_gmt":"2024-12-18T11:45:21","slug":"blog","status":"publish","type":"page","link":"https:\/\/prevysalud.es\/en\/blog\/","title":{"rendered":"Blog"},"content":{"rendered":"\t\t<div data-elementor-type=\"wp-page\" data-elementor-id=\"1986\" class=\"elementor elementor-1986\" data-elementor-settings=\"{&quot;ha_cmc_init_switcher&quot;:&quot;no&quot;}\" data-elementor-post-type=\"page\">\n\t\t\t\t<div class=\"elementor-element elementor-element-29c728b5 e-flex e-con-boxed e-con e-parent\" data-id=\"29c728b5\" data-element_type=\"container\" data-e-type=\"container\" data-settings=\"{&quot;background_background&quot;:&quot;classic&quot;,&quot;_ha_eqh_enable&quot;:false}\">\n\t\t\t\t\t<div class=\"e-con-inner\">\n\t\t<div class=\"elementor-element elementor-element-29a8cd2f e-flex e-con-boxed e-con e-child\" data-id=\"29a8cd2f\" data-element_type=\"container\" data-e-type=\"container\" data-settings=\"{&quot;_ha_eqh_enable&quot;:false}\">\n\t\t\t\t\t<div class=\"e-con-inner\">\n\t\t\t\t<div class=\"elementor-element elementor-element-381cca34 elementor-widget elementor-widget-heading\" data-id=\"381cca34\" data-element_type=\"widget\" data-e-type=\"widget\" data-widget_type=\"heading.default\">\n\t\t\t\t<div class=\"elementor-widget-container\">\n\t\t\t\t\t<h1 class=\"elementor-heading-title elementor-size-default\">BLOG<\/h1>\t\t\t\t<\/div>\n\t\t\t\t<\/div>\n\t\t\t\t\t<\/div>\n\t\t\t\t<\/div>\n\t\t\t\t<div class=\"elementor-element elementor-element-1e64a0d8 elementor-widget__width-auto elementor-absolute elementor-widget elementor-widget-image\" data-id=\"1e64a0d8\" data-element_type=\"widget\" data-e-type=\"widget\" data-settings=\"{&quot;_position&quot;:&quot;absolute&quot;}\" data-widget_type=\"image.default\">\n\t\t\t\t<div class=\"elementor-widget-container\">\n\t\t\t\t\t\t\t\t\t\t\t\t\t\t\t<img fetchpriority=\"high\" decoding=\"async\" width=\"799\" height=\"799\" src=\"https:\/\/prevysalud.es\/wp-content\/uploads\/2024\/06\/Masking003-1-e1710014778719.png\" class=\"attachment-full size-full wp-image-1029\" alt=\"\" srcset=\"https:\/\/prevysalud.es\/wp-content\/uploads\/2024\/06\/Masking003-1-e1710014778719.png 799w, https:\/\/prevysalud.es\/wp-content\/uploads\/2024\/06\/Masking003-1-e1710014778719-300x300.png 300w, https:\/\/prevysalud.es\/wp-content\/uploads\/2024\/06\/Masking003-1-e1710014778719-150x150.png 150w, https:\/\/prevysalud.es\/wp-content\/uploads\/2024\/06\/Masking003-1-e1710014778719-768x768.png 768w\" sizes=\"(max-width: 799px) 100vw, 799px\" \/>\t\t\t\t\t\t\t\t\t\t\t\t\t\t\t<\/div>\n\t\t\t\t<\/div>\n\t\t\t\t\t<\/div>\n\t\t\t\t<\/div>\n\t\t<div class=\"elementor-element elementor-element-5a843f83 e-flex e-con-boxed e-con e-parent\" data-id=\"5a843f83\" data-element_type=\"container\" data-e-type=\"container\" data-settings=\"{&quot;_ha_eqh_enable&quot;:false}\">\n\t\t\t\t\t<div class=\"e-con-inner\">\n\t\t<div class=\"elementor-element elementor-element-20a8e825 e-con-full e-flex e-con e-child\" data-id=\"20a8e825\" data-element_type=\"container\" data-e-type=\"container\" data-settings=\"{&quot;_ha_eqh_enable&quot;:false}\">\n\t\t\t\t<div class=\"elementor-element elementor-element-ca186af elementor-grid-3 elementor-grid-tablet-2 elementor-grid-mobile-1 elementor-posts--thumbnail-top elementor-widget elementor-widget-posts\" data-id=\"ca186af\" data-element_type=\"widget\" data-e-type=\"widget\" data-settings=\"{&quot;classic_columns&quot;:&quot;3&quot;,&quot;classic_columns_tablet&quot;:&quot;2&quot;,&quot;classic_columns_mobile&quot;:&quot;1&quot;,&quot;classic_row_gap&quot;:{&quot;unit&quot;:&quot;px&quot;,&quot;size&quot;:35,&quot;sizes&quot;:[]},&quot;classic_row_gap_widescreen&quot;:{&quot;unit&quot;:&quot;px&quot;,&quot;size&quot;:&quot;&quot;,&quot;sizes&quot;:[]},&quot;classic_row_gap_laptop&quot;:{&quot;unit&quot;:&quot;px&quot;,&quot;size&quot;:&quot;&quot;,&quot;sizes&quot;:[]},&quot;classic_row_gap_tablet_extra&quot;:{&quot;unit&quot;:&quot;px&quot;,&quot;size&quot;:&quot;&quot;,&quot;sizes&quot;:[]},&quot;classic_row_gap_tablet&quot;:{&quot;unit&quot;:&quot;px&quot;,&quot;size&quot;:&quot;&quot;,&quot;sizes&quot;:[]},&quot;classic_row_gap_mobile_extra&quot;:{&quot;unit&quot;:&quot;px&quot;,&quot;size&quot;:&quot;&quot;,&quot;sizes&quot;:[]},&quot;classic_row_gap_mobile&quot;:{&quot;unit&quot;:&quot;px&quot;,&quot;size&quot;:&quot;&quot;,&quot;sizes&quot;:[]}}\" data-widget_type=\"posts.classic\">\n\t\t\t\t<div class=\"elementor-widget-container\">\n\t\t\t\t\t\t\t<div class=\"elementor-posts-container elementor-posts elementor-posts--skin-classic elementor-grid\" role=\"list\">\n\t\t\t\t<article class=\"elementor-post elementor-grid-item post-2003 post type-post status-publish format-standard has-post-thumbnail hentry category-uncategorized\" role=\"listitem\">\n\t\t\t\t<a class=\"elementor-post__thumbnail__link\" href=\"https:\/\/prevysalud.es\/en\/confianza-y-bienestar-la-base-de-un-cuidado-medico-excepcional\/\" tabindex=\"-1\" >\n\t\t\t<div class=\"elementor-post__thumbnail\"><img decoding=\"async\" width=\"300\" height=\"135\" src=\"https:\/\/prevysalud.es\/wp-content\/uploads\/2024\/05\/Entrada-02-1-300x135.jpg\" class=\"attachment-medium size-medium wp-image-334\" alt=\"\" srcset=\"https:\/\/prevysalud.es\/wp-content\/uploads\/2024\/05\/Entrada-02-1-300x135.jpg 300w, https:\/\/prevysalud.es\/wp-content\/uploads\/2024\/05\/Entrada-02-1-1024x461.jpg 1024w, https:\/\/prevysalud.es\/wp-content\/uploads\/2024\/05\/Entrada-02-1-768x345.jpg 768w, https:\/\/prevysalud.es\/wp-content\/uploads\/2024\/05\/Entrada-02-1-1536x691.jpg 1536w, https:\/\/prevysalud.es\/wp-content\/uploads\/2024\/05\/Entrada-02-1-2048x921.jpg 2048w\" sizes=\"(max-width: 300px) 100vw, 300px\" \/><\/div>\n\t\t<\/a>\n\t\t\t\t<div class=\"elementor-post__text\">\n\t\t\t\t<h3 class=\"elementor-post__title\">\n\t\t\t<a href=\"https:\/\/prevysalud.es\/en\/confianza-y-bienestar-la-base-de-un-cuidado-medico-excepcional\/\" >\n\t\t\t\tConfianza y bienestar: la base de un cuidado m\u00e9dico excepcional\t\t\t<\/a>\n\t\t<\/h3>\n\t\t\t\t<div class=\"elementor-post__meta-data\">\n\t\t\t\t\t<span class=\"elementor-post-date\">\n\t\t\tDecember 18, 2024\t\t<\/span>\n\t\t\t\t<span class=\"elementor-post-avatar\">\n\t\t\tNo Comments\t\t<\/span>\n\t\t\t\t<\/div>\n\t\t\t\t<div class=\"elementor-post__excerpt\">\n\t\t\t<p>Enfrentarse a problemas de salud puede ser una experiencia desafiante. Por eso, en Prevysalud, creemos que crear un ambiente acogedor<\/p>\n\t\t<\/div>\n\t\t\n\t\t<a class=\"elementor-post__read-more\" href=\"https:\/\/prevysalud.es\/en\/confianza-y-bienestar-la-base-de-un-cuidado-medico-excepcional\/\" aria-label=\"Read more about Confianza y bienestar: la base de un cuidado m\u00e9dico excepcional\" tabindex=\"-1\" >\n\t\t\tLeer m\u00e1s \u00bb\t\t<\/a>\n\n\t\t\t\t<\/div>\n\t\t\t\t<\/article>\n\t\t\t\t<article class=\"elementor-post elementor-grid-item post-2001 post type-post status-publish format-standard has-post-thumbnail hentry category-uncategorized\" role=\"listitem\">\n\t\t\t\t<a class=\"elementor-post__thumbnail__link\" href=\"https:\/\/prevysalud.es\/en\/avances-medicos-por-que-elegir-un-equipo-siempre-actualizado\/\" tabindex=\"-1\" >\n\t\t\t<div class=\"elementor-post__thumbnail\"><img decoding=\"async\" width=\"226\" height=\"300\" src=\"https:\/\/prevysalud.es\/wp-content\/uploads\/2024\/05\/Consulta-1-01-226x300.jpg\" class=\"attachment-medium size-medium wp-image-331\" alt=\"\" srcset=\"https:\/\/prevysalud.es\/wp-content\/uploads\/2024\/05\/Consulta-1-01-226x300.jpg 226w, https:\/\/prevysalud.es\/wp-content\/uploads\/2024\/05\/Consulta-1-01-771x1024.jpg 771w, https:\/\/prevysalud.es\/wp-content\/uploads\/2024\/05\/Consulta-1-01-768x1020.jpg 768w, https:\/\/prevysalud.es\/wp-content\/uploads\/2024\/05\/Consulta-1-01-1157x1536.jpg 1157w, https:\/\/prevysalud.es\/wp-content\/uploads\/2024\/05\/Consulta-1-01-1542x2048.jpg 1542w, https:\/\/prevysalud.es\/wp-content\/uploads\/2024\/05\/Consulta-1-01-scaled.jpg 1928w\" sizes=\"(max-width: 226px) 100vw, 226px\" \/><\/div>\n\t\t<\/a>\n\t\t\t\t<div class=\"elementor-post__text\">\n\t\t\t\t<h3 class=\"elementor-post__title\">\n\t\t\t<a href=\"https:\/\/prevysalud.es\/en\/avances-medicos-por-que-elegir-un-equipo-siempre-actualizado\/\" >\n\t\t\t\tAvances m\u00e9dicos: por qu\u00e9 elegir un equipo siempre actualizado\t\t\t<\/a>\n\t\t<\/h3>\n\t\t\t\t<div class=\"elementor-post__meta-data\">\n\t\t\t\t\t<span class=\"elementor-post-date\">\n\t\t\tDecember 18, 2024\t\t<\/span>\n\t\t\t\t<span class=\"elementor-post-avatar\">\n\t\t\tNo Comments\t\t<\/span>\n\t\t\t\t<\/div>\n\t\t\t\t<div class=\"elementor-post__excerpt\">\n\t\t\t<p>La medicina evoluciona r\u00e1pidamente, y mantenerse al d\u00eda con los \u00faltimos avances es esencial para ofrecer una atenci\u00f3n de calidad.<\/p>\n\t\t<\/div>\n\t\t\n\t\t<a class=\"elementor-post__read-more\" href=\"https:\/\/prevysalud.es\/en\/avances-medicos-por-que-elegir-un-equipo-siempre-actualizado\/\" aria-label=\"Read more about Avances m\u00e9dicos: por qu\u00e9 elegir un equipo siempre actualizado\" tabindex=\"-1\" >\n\t\t\tLeer m\u00e1s \u00bb\t\t<\/a>\n\n\t\t\t\t<\/div>\n\t\t\t\t<\/article>\n\t\t\t\t<article class=\"elementor-post elementor-grid-item post-1999 post type-post status-publish format-standard has-post-thumbnail hentry category-uncategorized\" role=\"listitem\">\n\t\t\t\t<a class=\"elementor-post__thumbnail__link\" href=\"https:\/\/prevysalud.es\/en\/la-importancia-de-la-atencion-personalizada-en-la-salud-privada\/\" tabindex=\"-1\" >\n\t\t\t<div class=\"elementor-post__thumbnail\"><img loading=\"lazy\" decoding=\"async\" width=\"300\" height=\"200\" src=\"https:\/\/prevysalud.es\/wp-content\/uploads\/2024\/06\/at-the-psychologist-5-300x200.jpg\" class=\"attachment-medium size-medium wp-image-1044\" alt=\"\" srcset=\"https:\/\/prevysalud.es\/wp-content\/uploads\/2024\/06\/at-the-psychologist-5-300x200.jpg 300w, https:\/\/prevysalud.es\/wp-content\/uploads\/2024\/06\/at-the-psychologist-5-1024x682.jpg 1024w, https:\/\/prevysalud.es\/wp-content\/uploads\/2024\/06\/at-the-psychologist-5-768x512.jpg 768w, https:\/\/prevysalud.es\/wp-content\/uploads\/2024\/06\/at-the-psychologist-5.jpg 1280w\" sizes=\"(max-width: 300px) 100vw, 300px\" \/><\/div>\n\t\t<\/a>\n\t\t\t\t<div class=\"elementor-post__text\">\n\t\t\t\t<h3 class=\"elementor-post__title\">\n\t\t\t<a href=\"https:\/\/prevysalud.es\/en\/la-importancia-de-la-atencion-personalizada-en-la-salud-privada\/\" >\n\t\t\t\tLa Importancia de la Atenci\u00f3n Personalizada en la Salud Privada\t\t\t<\/a>\n\t\t<\/h3>\n\t\t\t\t<div class=\"elementor-post__meta-data\">\n\t\t\t\t\t<span class=\"elementor-post-date\">\n\t\t\tDecember 18, 2024\t\t<\/span>\n\t\t\t\t<span class=\"elementor-post-avatar\">\n\t\t\tNo Comments\t\t<\/span>\n\t\t\t\t<\/div>\n\t\t\t\t<div class=\"elementor-post__excerpt\">\n\t\t\t<p>En el mundo de la salud, cada paciente es \u00fanico, y su tratamiento debe reflejar esta individualidad. En Prevysalud, entendemos<\/p>\n\t\t<\/div>\n\t\t\n\t\t<a class=\"elementor-post__read-more\" href=\"https:\/\/prevysalud.es\/en\/la-importancia-de-la-atencion-personalizada-en-la-salud-privada\/\" aria-label=\"Read more about La Importancia de la Atenci\u00f3n Personalizada en la Salud Privada\" tabindex=\"-1\" >\n\t\t\tLeer m\u00e1s \u00bb\t\t<\/a>\n\n\t\t\t\t<\/div>\n\t\t\t\t<\/article>\n\t\t\t\t<\/div>\n\t\t\n\t\t\t\t\t\t<\/div>\n\t\t\t\t<\/div>\n\t\t\t\t<\/div>\n\t\t\t\t\t<\/div>\n\t\t\t\t<\/div>\n\t\t\t\t<\/div>\n\t\t","protected":false},"excerpt":{"rendered":"<p>BLOG<\/p>\n","protected":false},"author":1,"featured_media":0,"parent":0,"menu_order":0,"comment_status":"closed","ping_status":"closed","template":"elementor_header_footer","meta":{"footnotes":""},"class_list":["post-1986","page","type-page","status-publish","hentry"],"yoast_head":"<!-- This site is optimized with the Yoast SEO plugin v27.5 - https:\/\/yoast.com\/product\/yoast-seo-wordpress\/ -->\n<title>Blog - Prevysalud<\/title>\n<meta name=\"robots\" content=\"index, follow, max-snippet:-1, max-image-preview:large, max-video-preview:-1\" \/>\n<link rel=\"canonical\" href=\"https:\/\/prevysalud.es\/en\/blog\/\" \/>\n<meta property=\"og:locale\" content=\"en_GB\" \/>\n<meta property=\"og:locale:alternate\" content=\"es_ES\" \/>\n<meta property=\"og:type\" content=\"article\" \/>\n<meta property=\"og:title\" content=\"Blog - Prevysalud\" \/>\n<meta property=\"og:description\" content=\"BLOG\" \/>\n<meta property=\"og:url\" content=\"https:\/\/prevysalud.es\/en\/la-importancia-de-la-atencion-personalizada-en-la-salud-privada\/\" \/>\n<meta property=\"og:site_name\" content=\"Prevysalud\" \/>\n<meta property=\"article:modified_time\" content=\"2024-12-18T11:45:21+00:00\" \/>\n<meta property=\"og:image\" content=\"https:\/\/prevysalud.es\/wp-content\/uploads\/2024\/06\/Masking003-1-e1710014778719.png\" \/>\n\t<meta property=\"og:image:width\" content=\"799\" \/>\n\t<meta property=\"og:image:height\" content=\"799\" \/>\n\t<meta property=\"og:image:type\" content=\"image\/png\" \/>\n<meta name=\"twitter:card\" content=\"summary_large_image\" \/>\n<meta name=\"twitter:label1\" content=\"Estimated reading time\" \/>\n\t<meta name=\"twitter:data1\" content=\"3 minutes\" \/>\n<script type=\"application\/ld+json\" class=\"yoast-schema-graph\">{\"@context\":\"https:\\\/\\\/schema.org\",\"@graph\":[{\"@type\":\"WebPage\",\"@id\":\"https:\\\/\\\/prevysalud.es\\\/en\\\/blog\\\/\",\"url\":\"https:\\\/\\\/prevysalud.es\\\/en\\\/blog\\\/\",\"name\":\"Blog - Prevysalud\",\"isPartOf\":{\"@id\":\"https:\\\/\\\/prevysalud.es\\\/en\\\/#website\"},\"primaryImageOfPage\":{\"@id\":\"https:\\\/\\\/prevysalud.es\\\/en\\\/blog\\\/#primaryimage\"},\"image\":{\"@id\":\"https:\\\/\\\/prevysalud.es\\\/en\\\/blog\\\/#primaryimage\"},\"thumbnailUrl\":\"https:\\\/\\\/prevysalud.es\\\/wp-content\\\/uploads\\\/2024\\\/06\\\/Masking003-1-e1710014778719.png\",\"datePublished\":\"2024-12-18T11:28:10+00:00\",\"dateModified\":\"2024-12-18T11:45:21+00:00\",\"breadcrumb\":{\"@id\":\"https:\\\/\\\/prevysalud.es\\\/en\\\/blog\\\/#breadcrumb\"},\"inLanguage\":\"en-GB\",\"potentialAction\":[{\"@type\":\"ReadAction\",\"target\":[\"https:\\\/\\\/prevysalud.es\\\/en\\\/blog\\\/\"]}]},{\"@type\":\"ImageObject\",\"inLanguage\":\"en-GB\",\"@id\":\"https:\\\/\\\/prevysalud.es\\\/en\\\/blog\\\/#primaryimage\",\"url\":\"https:\\\/\\\/prevysalud.es\\\/wp-content\\\/uploads\\\/2024\\\/06\\\/Masking003-1-e1710014778719.png\",\"contentUrl\":\"https:\\\/\\\/prevysalud.es\\\/wp-content\\\/uploads\\\/2024\\\/06\\\/Masking003-1-e1710014778719.png\"},{\"@type\":\"BreadcrumbList\",\"@id\":\"https:\\\/\\\/prevysalud.es\\\/en\\\/blog\\\/#breadcrumb\",\"itemListElement\":[{\"@type\":\"ListItem\",\"position\":1,\"name\":\"Portada\",\"item\":\"https:\\\/\\\/prevysalud.es\\\/\"},{\"@type\":\"ListItem\",\"position\":2,\"name\":\"Blog\"}]},{\"@type\":\"WebSite\",\"@id\":\"https:\\\/\\\/prevysalud.es\\\/en\\\/#website\",\"url\":\"https:\\\/\\\/prevysalud.es\\\/en\\\/\",\"name\":\"Prevysalud\",\"description\":\"\",\"publisher\":{\"@id\":\"https:\\\/\\\/prevysalud.es\\\/en\\\/#organization\"},\"potentialAction\":[{\"@type\":\"SearchAction\",\"target\":{\"@type\":\"EntryPoint\",\"urlTemplate\":\"https:\\\/\\\/prevysalud.es\\\/en\\\/?s={search_term_string}\"},\"query-input\":{\"@type\":\"PropertyValueSpecification\",\"valueRequired\":true,\"valueName\":\"search_term_string\"}}],\"inLanguage\":\"en-GB\"},{\"@type\":\"Organization\",\"@id\":\"https:\\\/\\\/prevysalud.es\\\/en\\\/#organization\",\"name\":\"Prevysalud\",\"url\":\"https:\\\/\\\/prevysalud.es\\\/en\\\/\",\"logo\":{\"@type\":\"ImageObject\",\"inLanguage\":\"en-GB\",\"@id\":\"https:\\\/\\\/prevysalud.es\\\/en\\\/#\\\/schema\\\/logo\\\/image\\\/\",\"url\":\"https:\\\/\\\/prevysalud.es\\\/wp-content\\\/uploads\\\/2024\\\/05\\\/fondo_y_logo.png\",\"contentUrl\":\"https:\\\/\\\/prevysalud.es\\\/wp-content\\\/uploads\\\/2024\\\/05\\\/fondo_y_logo.png\",\"width\":769,\"height\":192,\"caption\":\"Prevysalud\"},\"image\":{\"@id\":\"https:\\\/\\\/prevysalud.es\\\/en\\\/#\\\/schema\\\/logo\\\/image\\\/\"}}]}<\/script>\n<!-- \/ Yoast SEO plugin. -->","yoast_head_json":{"title":"Blog - Prevysalud","robots":{"index":"index","follow":"follow","max-snippet":"max-snippet:-1","max-image-preview":"max-image-preview:large","max-video-preview":"max-video-preview:-1"},"canonical":"https:\/\/prevysalud.es\/en\/blog\/","og_locale":"en_GB","og_type":"article","og_title":"Blog - Prevysalud","og_description":"BLOG","og_url":"https:\/\/prevysalud.es\/en\/la-importancia-de-la-atencion-personalizada-en-la-salud-privada\/","og_site_name":"Prevysalud","article_modified_time":"2024-12-18T11:45:21+00:00","og_image":[{"width":799,"height":799,"url":"https:\/\/prevysalud.es\/wp-content\/uploads\/2024\/06\/Masking003-1-e1710014778719.png","type":"image\/png"}],"twitter_card":"summary_large_image","twitter_misc":{"Estimated reading time":"3 minutes"},"schema":{"@context":"https:\/\/schema.org","@graph":[{"@type":"WebPage","@id":"https:\/\/prevysalud.es\/en\/blog\/","url":"https:\/\/prevysalud.es\/en\/blog\/","name":"Blog - Prevysalud","isPartOf":{"@id":"https:\/\/prevysalud.es\/en\/#website"},"primaryImageOfPage":{"@id":"https:\/\/prevysalud.es\/en\/blog\/#primaryimage"},"image":{"@id":"https:\/\/prevysalud.es\/en\/blog\/#primaryimage"},"thumbnailUrl":"https:\/\/prevysalud.es\/wp-content\/uploads\/2024\/06\/Masking003-1-e1710014778719.png","datePublished":"2024-12-18T11:28:10+00:00","dateModified":"2024-12-18T11:45:21+00:00","breadcrumb":{"@id":"https:\/\/prevysalud.es\/en\/blog\/#breadcrumb"},"inLanguage":"en-GB","potentialAction":[{"@type":"ReadAction","target":["https:\/\/prevysalud.es\/en\/blog\/"]}]},{"@type":"ImageObject","inLanguage":"en-GB","@id":"https:\/\/prevysalud.es\/en\/blog\/#primaryimage","url":"https:\/\/prevysalud.es\/wp-content\/uploads\/2024\/06\/Masking003-1-e1710014778719.png","contentUrl":"https:\/\/prevysalud.es\/wp-content\/uploads\/2024\/06\/Masking003-1-e1710014778719.png"},{"@type":"BreadcrumbList","@id":"https:\/\/prevysalud.es\/en\/blog\/#breadcrumb","itemListElement":[{"@type":"ListItem","position":1,"name":"Portada","item":"https:\/\/prevysalud.es\/"},{"@type":"ListItem","position":2,"name":"Blog"}]},{"@type":"WebSite","@id":"https:\/\/prevysalud.es\/en\/#website","url":"https:\/\/prevysalud.es\/en\/","name":"Prevysalud","description":"","publisher":{"@id":"https:\/\/prevysalud.es\/en\/#organization"},"potentialAction":[{"@type":"SearchAction","target":{"@type":"EntryPoint","urlTemplate":"https:\/\/prevysalud.es\/en\/?s={search_term_string}"},"query-input":{"@type":"PropertyValueSpecification","valueRequired":true,"valueName":"search_term_string"}}],"inLanguage":"en-GB"},{"@type":"Organization","@id":"https:\/\/prevysalud.es\/en\/#organization","name":"Prevysalud","url":"https:\/\/prevysalud.es\/en\/","logo":{"@type":"ImageObject","inLanguage":"en-GB","@id":"https:\/\/prevysalud.es\/en\/#\/schema\/logo\/image\/","url":"https:\/\/prevysalud.es\/wp-content\/uploads\/2024\/05\/fondo_y_logo.png","contentUrl":"https:\/\/prevysalud.es\/wp-content\/uploads\/2024\/05\/fondo_y_logo.png","width":769,"height":192,"caption":"Prevysalud"},"image":{"@id":"https:\/\/prevysalud.es\/en\/#\/schema\/logo\/image\/"}}]}},"_links":{"self":[{"href":"https:\/\/prevysalud.es\/en\/wp-json\/wp\/v2\/pages\/1986","targetHints":{"allow":["GET"]}}],"collection":[{"href":"https:\/\/prevysalud.es\/en\/wp-json\/wp\/v2\/pages"}],"about":[{"href":"https:\/\/prevysalud.es\/en\/wp-json\/wp\/v2\/types\/page"}],"author":[{"embeddable":true,"href":"https:\/\/prevysalud.es\/en\/wp-json\/wp\/v2\/users\/1"}],"replies":[{"embeddable":true,"href":"https:\/\/prevysalud.es\/en\/wp-json\/wp\/v2\/comments?post=1986"}],"version-history":[{"count":13,"href":"https:\/\/prevysalud.es\/en\/wp-json\/wp\/v2\/pages\/1986\/revisions"}],"predecessor-version":[{"id":2022,"href":"https:\/\/prevysalud.es\/en\/wp-json\/wp\/v2\/pages\/1986\/revisions\/2022"}],"wp:attachment":[{"href":"https:\/\/prevysalud.es\/en\/wp-json\/wp\/v2\/media?parent=1986"}],"curies":[{"name":"wp","href":"https:\/\/api.w.org\/{rel}","templated":true}]}}